{"id":389,"date":"2024-09-02T17:00:26","date_gmt":"2024-09-02T17:00:26","guid":{"rendered":"https:\/\/travelawewonder.com\/?page_id=389"},"modified":"2025-06-25T22:15:28","modified_gmt":"2025-06-25T22:15:28","slug":"eastern-canada-tours","status":"publish","type":"page","link":"https:\/\/travelawewonder.com\/?page_id=389","title":{"rendered":"Eastern Canada Tours"},"content":{"rendered":"\n<div class=\"wp-block-columns is-layout-flex wp-container-core-columns-is-layout-28f84493 wp-block-columns-is-layout-flex\">\n<div class=\"wp-block-column is-layout-flow wp-block-column-is-layout-flow\">\n<h2 class=\"wp-block-heading has-text-align-center\">Value-Minded<\/h2>\n\n\n\n<figure class=\"wp-block-image aligncenter size-large is-resized\"><img loading=\"lazy\" decoding=\"async\" width=\"1024\" height=\"341\" src=\"https:\/\/travelawewonder.com\/wp-content\/uploads\/2024\/09\/8330-1024x341.jpg\" alt=\"\" class=\"wp-image-399\" style=\"width:318px;height:auto\" srcset=\"https:\/\/travelawewonder.com\/wp-content\/uploads\/2024\/09\/8330-1024x341.jpg 1024w, https:\/\/travelawewonder.com\/wp-content\/uploads\/2024\/09\/8330-300x100.jpg 300w, https:\/\/travelawewonder.com\/wp-content\/uploads\/2024\/09\/8330-768x256.jpg 768w, https:\/\/travelawewonder.com\/wp-content\/uploads\/2024\/09\/8330.jpg 1440w\" sizes=\"auto, (max-width: 1024px) 100vw, 1024px\" \/><\/figure>\n\n\n\n<p class=\"has-text-align-center\"><strong>Ontario &amp; French Canada<\/strong><\/p>\n\n\n\n<p>8 days, 7 nights from Toronto to Montreal<\/p>\n\n\n\n<p><strong>Starting at $1,929 excluding airfare<\/strong><\/p>\n\n\n\n<p>Exciting cities and breathtaking scenery await you on this eastern Canada tour. You&#8217;ll spend two nights in Toronto, Ottawa, and the Qu\u00e9bec City area, and one night in Montr\u00e9al. In each city you&#8217;ll see the must-see sights, such as the 1,815-foot-tall CN Tower in Toronto, Canada\u2019s largest city; the Canadian Mint in Ottawa, Canada\u2019s capital; Qu\u00e9bec City&#8217;s Place Royale, the historic square known as the birthplace of French Canada; and Montr\u00e9al&#8217;s Mount Royal, designed by the same designer as New York City\u2019s Central Park. In Qu\u00e9bec, visit the Basilica of Notre-Dame-du-Cap, with its fine stained-glass windows, and Cap de La Madeleine, made a national shrine in 1888. Also enjoy time to explore Qu\u00e9bec City, Canada\u2019s only walled city and a UNESCO World Heritage Site. But that\u2019s not all\u2026you\u2019ll board a sightseeing boat for a thrilling ride to view breathtaking Niagara Falls. You\u2019ve seen photos of Niagara Falls, and now\u2019s your chance to see it up close. These falls are nothing short of spectacular! You\u2019ll also enjoy a relaxing cruise through scenic Thousand Islands National Park. From the vibrant cities to the gorgeous scenery, this eastern Canada tour designed for the value-minded traveler is the perfect vacation!<\/p>\n\n\n\n<h2 class=\"wp-block-heading has-text-align-center\">Value-Minded<\/h2>\n\n\n\n<figure class=\"wp-block-image aligncenter size-large is-resized\"><img loading=\"lazy\" decoding=\"async\" width=\"1024\" height=\"341\" src=\"https:\/\/travelawewonder.com\/wp-content\/uploads\/2024\/09\/8350-1024x341.jpg\" alt=\"\" class=\"wp-image-401\" style=\"width:324px;height:auto\" srcset=\"https:\/\/travelawewonder.com\/wp-content\/uploads\/2024\/09\/8350-1024x341.jpg 1024w, https:\/\/travelawewonder.com\/wp-content\/uploads\/2024\/09\/8350-300x100.jpg 300w, https:\/\/travelawewonder.com\/wp-content\/uploads\/2024\/09\/8350-768x256.jpg 768w, https:\/\/travelawewonder.com\/wp-content\/uploads\/2024\/09\/8350.jpg 1440w\" sizes=\"auto, (max-width: 1024px) 100vw, 1024px\" \/><\/figure>\n\n\n\n<p class=\"has-text-align-center\"><strong>Canadian Maritimes Adventure<\/strong><\/p>\n\n\n\n<p>10 days, 9 nights from Halifax to Halifax<\/p>\n\n\n\n<p><strong>Starting at $2,439 excluding airfare<\/strong><\/p>\n\n\n\n<p>Explore Canada\u2019s Atlantic seacoast on this scenic vacation to Nova Scotia, New Brunswick, and Prince Edward Island. Your trip begins and ends in Halifax, with charming fishing villages, natural wonders, and breathtaking vistas in between. Head first to New Brunswick and the Bay of Fundy, site of the world\u2019s highest and most dramatic tides and home to Hopewell Rocks, giant sandstone formations carved by years of tidal erosion. Spend two nights in Saint John, Canada\u2019s oldest incorporated city, established by royal charter in 1785. Take a day excursion to explore the charming and historic town of St. Andrews by-the-Sea where you can take an optional whale-watching cruise. Travel across the 8-mile Confederation Bridge to Prince Edward Island, famous for its potatoes and red sand beaches, for a two-night stay in Charlottetown. Begin your stay that evening savoring fresh, locally caught lobster at an optional lobster supper. Go on a sightseeing tour of the island with a Local Guide and visit Green Gables Heritage Place, the setting for the beloved novel, Anne of Green Gables. Enjoy a ferry ride back to Nova Scotia, then continue on to Cape Breton Island for a two-night stay in the town of Baddeck. After an orientation tour, visit the Alexander Graham Bell Museum with exhibits tracing the achievements of this great inventor who spent the last years of his life on Cape Breton. Keep your camera ready as you travel along the Cabot Trail, one of the most scenic drives in the world, stopping at Cape Breton Highlands National Park to take in the landscape resembling Scottish coastal regions. You\u2019ll return to the city of Halifax for a two-night stay and take a day excursion to visit the quaint fishing village of Peggy\u2019s Cove, home to one of Canada\u2019s most photographed lighthouses. Continue to the UNESCO World Heritage Site of Lunenburg, where you\u2019ll visit the Fisheries Museum of the Atlantic to learn about the importance the fishing industry has to this region. Picturesque scenery, charming fishing villages, natural wonders, and historical sites\u2014this trip has it all!<\/p>\n\n\n\n<p>6 breakfasts are included in the price.<\/p>\n<\/div>\n\n\n\n<div class=\"wp-block-column is-layout-flow wp-block-column-is-layout-flow\">\n<h2 class=\"wp-block-heading has-text-align-center\">Charming<\/h2>\n\n\n\n<figure class=\"wp-block-image aligncenter size-full is-resized\"><img loading=\"lazy\" decoding=\"async\" width=\"720\" height=\"405\" src=\"https:\/\/travelawewonder.com\/wp-content\/uploads\/2024\/09\/peggys-cove-fishing-village-halifax-canada-1.webp\" alt=\"\" class=\"wp-image-403\" style=\"width:277px;height:auto\" srcset=\"https:\/\/travelawewonder.com\/wp-content\/uploads\/2024\/09\/peggys-cove-fishing-village-halifax-canada-1.webp 720w, https:\/\/travelawewonder.com\/wp-content\/uploads\/2024\/09\/peggys-cove-fishing-village-halifax-canada-1-300x169.webp 300w\" sizes=\"auto, (max-width: 720px) 100vw, 720px\" \/><\/figure>\n\n\n\n<p class=\"has-text-align-center\"><strong>Enchanting Canadian Maritimes<\/strong><\/p>\n\n\n\n<p>10 days, 9 nights from Halifax to Halifax<\/p>\n\n\n\n<p><strong>Starting at $3,675 excluding airfare<\/strong><\/p>\n\n\n\n<p>Feast on fresh Atlantic lobster, hear local stories of the sea, and join in the foot-stomping Celtic culture as you explore wind-swept sea cliffs, centuries-old towns and the hearty way of life of the Nova Scotians along with Prince Edward Island and New Brunswick and explore the legends &amp; traditions of the Mi&#8217;kmaq. Enjoy the dramatic coastal views and highland scenery offering an endless source of artistic inspiration as you wind through Cape Breton Highlands National Park.&nbsp;Pay tribute to one of the world\u2019s most famous inventors at the Alexander Graham Bell National Historic Site and visit the world of a red-headed girl in a straw hat and braids to meet one of Canada\u2019s most loved fictional characters, Anne of Green Gables.<\/p>\n\n\n\n<p>9 breakfasts, 1 welcome reception, 3 lunches, and 3 dinners are included in the price.<\/p>\n\n\n\n<h2 class=\"wp-block-heading has-text-align-center\">Charming<\/h2>\n\n\n\n<figure class=\"wp-block-image aligncenter size-full is-resized\"><img loading=\"lazy\" decoding=\"async\" width=\"720\" height=\"405\" src=\"https:\/\/travelawewonder.com\/wp-content\/uploads\/2024\/09\/skyline-toronto-canada-7.webp\" alt=\"\" class=\"wp-image-405\" style=\"width:290px;height:auto\" srcset=\"https:\/\/travelawewonder.com\/wp-content\/uploads\/2024\/09\/skyline-toronto-canada-7.webp 720w, https:\/\/travelawewonder.com\/wp-content\/uploads\/2024\/09\/skyline-toronto-canada-7-300x169.webp 300w\" sizes=\"auto, (max-width: 720px) 100vw, 720px\" \/><\/figure>\n\n\n\n<p class=\"has-text-align-center\"><strong>Best of Eastern Canada<\/strong><\/p>\n\n\n\n<p>9 days, 8 nights from Toronto to Montreal<\/p>\n\n\n\n<p><strong>Starting at $3,795 excluding airfare<\/strong><\/p>\n\n\n\n<p>Offering the best of all things east, take in Canada&#8217;s cosmopolitan cities, French and British heritage, and majestic landscapes. See a traditional Pow Wow dancing in Ottawa, watch the cascading waters of Niagara Falls, and stroll through meadows, rolling hills and farms of Queb\u00e9c\u2019s Eastern Townships on this Eastern Canada tour. Dive into culture and embrace Canada&#8217;s national sport, learning the secrets and superstitions of hockey players as a team member walks you through a day in the life of a player. Learn how lavender is grown and turned into a variety of products, sample delicious lavender lemonade and enjoy a picnic basket lunch filled with local specialties at a working lavender farm. Visit the historic sites in the colorful Old Port area, the splendor of one of Montr\u00e9al&#8217;s crown jewels \u2013 Notre Dame Basilica and modern Downtown Montr\u00e9al.<\/p>\n\n\n\n<p>8 breakfasts, 1 welcome reception, 2 lunches, and 2 dinners are included in the price.<\/p>\n\n\n\n<h2 class=\"wp-block-heading has-text-align-center\">Charming<\/h2>\n\n\n\n<figure class=\"wp-block-image aligncenter size-full is-resized\"><img loading=\"lazy\" decoding=\"async\" width=\"720\" height=\"405\" src=\"https:\/\/travelawewonder.com\/wp-content\/uploads\/2024\/09\/harbour-st-johns-newfoundland-canada-1.webp\" alt=\"\" class=\"wp-image-407\" style=\"width:284px;height:auto\" srcset=\"https:\/\/travelawewonder.com\/wp-content\/uploads\/2024\/09\/harbour-st-johns-newfoundland-canada-1.webp 720w, https:\/\/travelawewonder.com\/wp-content\/uploads\/2024\/09\/harbour-st-johns-newfoundland-canada-1-300x169.webp 300w\" sizes=\"auto, (max-width: 720px) 100vw, 720px\" \/><\/figure>\n\n\n\n<p class=\"has-text-align-center\"><strong>Scenic Wonders of Newfoundland &amp; Labrador<\/strong><\/p>\n\n\n\n<p>14 days, 13 nights from St. John&#8217;s to Deer Lake<\/p>\n\n\n\n<p><strong>Starting at $4,225 excluding airfare<\/strong><\/p>\n\n\n\n<p>Wild beauty, hospitality, and centuries of maritime traditions await you on this Canadian tour. Each day brings a new adventure: meeting local fisherman, watching for whales and puffins, touring a nineteenth-century lighthouse, visiting a scallop farm and tasting your way around an Auk Island winery.&nbsp;Visit the small town of Cupids, the second oldest English settlement in North America, rich in architecture and archaeological sites. Then depart to the Town of Brigus, known for its old-style architecture and once strategic location, still home to many local fishermen. Join a Local Specialist for a tour of Gander, which served as inspiration for the international Broadway musical, &#8220;Come from Away.&#8221; Learn about the significant role this small Newfoundland community played during the 9\/11 disaster when thousands of air passengers were suddenly rerouted to the town moments after the terrorist attack. Visit the Beothuk Interpretation Center, which reveals the history of a now vanished language and culture and meet a local boat builder to hear about this art which has been handed down from generation to generation. Visit an 11th-century Viking settlement and a scallop farm.<\/p>\n\n\n\n<p>13 breakfasts, 7 lunches, and 2 dinners are included in the price.<\/p>\n\n\n\n<h2 class=\"wp-block-heading has-text-align-center\">Charming<\/h2>\n\n\n\n<figure class=\"wp-block-image aligncenter size-full is-resized\"><img loading=\"lazy\" decoding=\"async\" width=\"1000\" height=\"1000\" src=\"https:\/\/travelawewonder.com\/wp-content\/uploads\/2024\/09\/MONTREAL-ST-JOSEPH-ORATORY.jpg\" alt=\"\" class=\"wp-image-409\" style=\"width:224px;height:auto\" srcset=\"https:\/\/travelawewonder.com\/wp-content\/uploads\/2024\/09\/MONTREAL-ST-JOSEPH-ORATORY.jpg 1000w, https:\/\/travelawewonder.com\/wp-content\/uploads\/2024\/09\/MONTREAL-ST-JOSEPH-ORATORY-300x300.jpg 300w, https:\/\/travelawewonder.com\/wp-content\/uploads\/2024\/09\/MONTREAL-ST-JOSEPH-ORATORY-150x150.jpg 150w, https:\/\/travelawewonder.com\/wp-content\/uploads\/2024\/09\/MONTREAL-ST-JOSEPH-ORATORY-768x768.jpg 768w\" sizes=\"auto, (max-width: 1000px) 100vw, 1000px\" \/><\/figure>\n\n\n\n<p class=\"has-text-align-center\"><strong>Quebec in Depth with the Gaspe Peninsula<\/strong><\/p>\n\n\n\n<p>11 days, 10 nights from Montreal to Montreal<\/p>\n\n\n\n<p><strong>Starting at $5,009 excluding airfare<\/strong><\/p>\n\n\n\n<p>Say bonjour to tiny fishing villages, giant beluga whales, and the grandest of views as you cruise around the imposing Perc\u00e9 Rock and the sensational Saguenay Fjord. From the banks of the St. Lawrence River to the cliffs of the gulf, your taste of the Old World awaits. Sip strawberry wine made from the fields by the sea, savor a traditional lunch at Banc-de-P\u00e9che-de-Pasp\u00e9biac National Historic Site and visit a family-owned farm in the rolling-hill region of Charlevoix on the Flavour Trail. Awaken your senses on this Canadian tour as you meander on the cobblestone paths and caf\u00e9-lined promenades of Qu\u00e9bec City, experience the harmony in nature created by the Mi\u2019gmaq Nation, enjoy live music from the talented artists of Montr\u00e9al, and behold the sweeping memorable views of the Gasp\u00e9 Peninsula on this eleven-day tour of French Canada.<\/p>\n\n\n\n<p>10 breakfasts, 2 lunches, and 4 dinners are included in the price.<\/p>\n<\/div>\n\n\n\n<div class=\"wp-block-column is-layout-flow wp-block-column-is-layout-flow\">\n<h2 class=\"wp-block-heading has-text-align-center\">Premium<\/h2>\n\n\n\n<figure class=\"wp-block-image aligncenter size-full is-resized\"><img loading=\"lazy\" decoding=\"async\" width=\"720\" height=\"405\" src=\"https:\/\/travelawewonder.com\/wp-content\/uploads\/2024\/09\/local-flavours-quebec-canada-1.webp\" alt=\"\" class=\"wp-image-411\" style=\"width:274px;height:auto\" srcset=\"https:\/\/travelawewonder.com\/wp-content\/uploads\/2024\/09\/local-flavours-quebec-canada-1.webp 720w, https:\/\/travelawewonder.com\/wp-content\/uploads\/2024\/09\/local-flavours-quebec-canada-1-300x169.webp 300w\" sizes=\"auto, (max-width: 720px) 100vw, 720px\" \/><\/figure>\n\n\n\n<p class=\"has-text-align-center\"><strong>Eastern Canada Discovery<\/strong><\/p>\n\n\n\n<p>8 days, 7 nights from Toronto to Quebec<\/p>\n\n\n\n<p><strong>Starting at $3,645 excluding airfare<\/strong><\/p>\n\n\n\n<p>From natural delights to city sights, the best of Eastern Canada awaits you on this 8-Day guided tour. Stroll downtown in multi-cultural Toronto, before experiencing the might and majesty of Niagara Falls. Take to the waters for a cruise through the mist as the cascades thunder down around you. In the capital Ottawa, roll up your sleeves to craft seasonal ingredients during a demonstration at acclaimed cooking school C\u2019est Bon. Celebrate the revival of traditional arts with your visit to the M\u0101dah\u00f2k\u00ec Farm. Explore the grand mansions of Montreal and the neo-gothic Notre-Dame Basilica with a Local Expert, before concluding your journey in chic Quebec City. Here you can toast your travels in the Historic District of Old Quebec, a UNESCO World Heritage Site.<\/p>\n\n\n\n<p>7 breakfasts, 1 lunch, and 3 dinners are included in the price.<\/p>\n\n\n\n<h2 class=\"wp-block-heading has-text-align-center\">Premium<\/h2>\n\n\n\n<figure class=\"wp-block-image aligncenter size-full is-resized\"><img loading=\"lazy\" decoding=\"async\" width=\"720\" height=\"405\" src=\"https:\/\/travelawewonder.com\/wp-content\/uploads\/2024\/09\/waterfront-view-lunenburg-nova-scotia-canada-16.webp\" alt=\"\" class=\"wp-image-412\" style=\"width:295px;height:auto\" srcset=\"https:\/\/travelawewonder.com\/wp-content\/uploads\/2024\/09\/waterfront-view-lunenburg-nova-scotia-canada-16.webp 720w, https:\/\/travelawewonder.com\/wp-content\/uploads\/2024\/09\/waterfront-view-lunenburg-nova-scotia-canada-16-300x169.webp 300w\" sizes=\"auto, (max-width: 720px) 100vw, 720px\" \/><\/figure>\n\n\n\n<p class=\"has-text-align-center\"><strong>Landscapes of the Canadian Maritimes<\/strong><\/p>\n\n\n\n<p>12 days, 11 nights from Halifax to Digby<\/p>\n\n\n\n<p><strong>Starting at $5,245 excluding airfare<\/strong><\/p>\n\n\n\n<p>Blend the best of land and sea on this 12-day guided tour of Canada. Explore the Maritime Museum of the Atlantic in Halifax with a Local Expert, who will tell you the tale of the city\u2019s most historic moment: the 1912 sinking of the Titanic. See the fabled home that served as the inspiration for L.M. Montgomery\u2019s children\u2019s classic, \u2018Anne of Green Gables.\u2019 Watch for bald eagles as you travel one of the world\u2019s most scenic routes, Cabot Trail. Board a lobster boat in New Brunswick for an up-close-and-personal look at lobster fishing, then indulge in a decadent lobster lunch. Later, cruise the Bay of Fundy on a whale-watching expedition, where you can see humpback, minke and fin whales. The legends &amp; traditions of the Mi&#8217;kmaq people will inspire the mind of any curious traveler at the Millbrook Cultural &amp; Heritage Center and enjoy a night with traditional music and song at a ceilidh, a Celtic evening full of Acadian hospitality and entertainment.<\/p>\n\n\n\n<p>11 breakfasts, 3 lunches, and 4 dinners are included in the price.<\/p>\n\n\n\n<h2 class=\"wp-block-heading has-text-align-center\">Luxury<\/h2>\n\n\n\n<figure class=\"wp-block-image aligncenter size-full is-resized\"><img loading=\"lazy\" decoding=\"async\" width=\"602\" height=\"354\" src=\"https:\/\/travelawewonder.com\/wp-content\/uploads\/2024\/09\/downtown-kingston-canada-10.webp\" alt=\"\" class=\"wp-image-413\" style=\"width:267px;height:auto\" srcset=\"https:\/\/travelawewonder.com\/wp-content\/uploads\/2024\/09\/downtown-kingston-canada-10.webp 602w, https:\/\/travelawewonder.com\/wp-content\/uploads\/2024\/09\/downtown-kingston-canada-10-300x176.webp 300w\" sizes=\"auto, (max-width: 602px) 100vw, 602px\" \/><\/figure>\n\n\n\n<p class=\"has-text-align-center\"><strong>Indulge in Eastern Canada<\/strong><\/p>\n\n\n\n<p>8 days, 7 nights from Toronto to Montreal<\/p>\n\n\n\n<p><strong>Starting at $5,295 excluding airfare<\/strong><\/p>\n\n\n\n<p>Explore stunning Eastern Canada on this 8-day guided tour. See Niagara Falls, one of the world\u2019s most breathtaking natural wonders, as you cruise the iconic waters on a narrated boat tour. Later, explore the idyllic town of Niagara-on-the-Lake before indulging in an ice wine at Chateau des Charmes. Visit the most iconic sites of Ottawa, including its Parliament buildings and Rideau Canal, a UNESCO World Heritage Site \u2014 then feast on locally farmed and foraged foods for dinner at the renowned restaurant Play, Food &amp; Wine. Witness the beauty and hear stories about rare and endangered Ojibwe Spirit Horses at M\u0101dah\u00f2k\u00ec Farm over tea. In Quebec City, stay at the Fairmont Le Chateau Frontenac, which overlooks the St. Lawrence River; a Local Expert will guide you through its corridors on a tour that takes you into typically off-limits areas and unveils the mansion&#8217;s unique history.<\/p>\n\n\n\n<p>7 breakfasts, 1 lunch, and 4 dinners are included in the price.<\/p>\n<\/div>\n<\/div>\n\n\n\n<div class=\"wp-block-buttons is-content-justification-center is-layout-flex wp-container-core-buttons-is-layout-a89b3969 wp-block-buttons-is-layout-flex\">\n<div class=\"wp-block-button is-style-outline is-style-outline--1\"><a class=\"wp-block-button__link wp-element-button\" href=\"http:\/\/calendly.com\/sara-awewonder\/initial-consultation-call\" target=\"_blank\" rel=\"noreferrer noopener\">Schedule a consultation<\/a><\/div>\n\n\n\n<div class=\"wp-block-button is-style-outline is-style-outline--2\"><a class=\"wp-block-button__link wp-element-button\">Call (208) 732-2435 for more information<\/a><\/div>\n<\/div>\n","protected":false},"excerpt":{"rendered":"<p>Value-Minded Ontario &amp; French Canada 8 days, 7 nights from Toronto to Montreal Starting at $1,929 excluding airfare Exciting cities and breathtaking scenery await you on this eastern Canada tour. You&#8217;ll spend two nights in Toronto, Ottawa, and the Qu\u00e9bec City area, and one night in Montr\u00e9al. In each city you&#8217;ll see the must-see sights, [&hellip;]<\/p>\n","protected":false},"author":1,"featured_media":0,"parent":0,"menu_order":0,"comment_status":"closed","ping_status":"closed","template":"","meta":{"footnotes":""},"class_list":["post-389","page","type-page","status-publish","hentry"],"_links":{"self":[{"href":"https:\/\/travelawewonder.com\/index.php?rest_route=\/wp\/v2\/pages\/389","targetHints":{"allow":["GET"]}}],"collection":[{"href":"https:\/\/travelawewonder.com\/index.php?rest_route=\/wp\/v2\/pages"}],"about":[{"href":"https:\/\/travelawewonder.com\/index.php?rest_route=\/wp\/v2\/types\/page"}],"author":[{"embeddable":true,"href":"https:\/\/travelawewonder.com\/index.php?rest_route=\/wp\/v2\/users\/1"}],"replies":[{"embeddable":true,"href":"https:\/\/travelawewonder.com\/index.php?rest_route=%2Fwp%2Fv2%2Fcomments&post=389"}],"version-history":[{"count":5,"href":"https:\/\/travelawewonder.com\/index.php?rest_route=\/wp\/v2\/pages\/389\/revisions"}],"predecessor-version":[{"id":522,"href":"https:\/\/travelawewonder.com\/index.php?rest_route=\/wp\/v2\/pages\/389\/revisions\/522"}],"wp:attachment":[{"href":"https:\/\/travelawewonder.com\/index.php?rest_route=%2Fwp%2Fv2%2Fmedia&parent=389"}],"curies":[{"name":"wp","href":"https:\/\/api.w.org\/{rel}","templated":true}]}}